{"id":2383,"date":"2020-01-08T12:36:53","date_gmt":"2020-01-08T12:36:53","guid":{"rendered":"http:\/\/www.conatezno.si\/presentation\/"},"modified":"2020-01-08T12:36:53","modified_gmt":"2020-01-08T12:36:53","slug":"presentation","status":"publish","type":"page","link":"https:\/\/www.conatezno.si\/en\/presentation\/","title":{"rendered":"Presentation"},"content":{"rendered":"<p>[et_pb_section fb_built=&#8221;1&#8243; _builder_version=&#8221;3.26.3&#8243;][et_pb_row _builder_version=&#8221;4.0.9&#8243;][et_pb_column type=&#8221;4_4&#8243; _builder_version=&#8221;4.0.9&#8243;][et_pb_text _builder_version=&#8221;3.27.4&#8243; header_font=&#8221;|300|||||||&#8221; header_text_align=&#8221;center&#8221; header_font_size=&#8221;46px&#8221; header_line_height=&#8221;54px&#8221;]<\/p>\n<h1>Presentation<\/h1>\n<p>[\/et_pb_text][\/et_pb_column][\/et_pb_row][et_pb_row _builder_version=&#8221;4.0.9&#8243; background_color=&#8221;#1B999C&#8221;][et_pb_column type=&#8221;4_4&#8243; _builder_version=&#8221;3.26.3&#8243;][et_pb_image src=&#8221;http:\/\/www.conatezno.si\/wp-content\/uploads\/2019\/12\/piktogram-1.png&#8221; align=&#8221;center&#8221; _builder_version=&#8221;4.0.9&#8243; custom_margin=&#8221;||10px||false|false&#8221;][\/et_pb_image][et_pb_text _builder_version=&#8221;4.0.9&#8243; text_text_color=&#8221;#ffffff&#8221; text_font_size=&#8221;14px&#8221; text_line_height=&#8221;16px&#8221; header_3_text_color=&#8221;#ffffff&#8221; text_orientation=&#8221;center&#8221;]<\/p>\n<h3>Identifiable by Progressiveness<\/h3>\n<p>[\/et_pb_text][\/et_pb_column][\/et_pb_row][et_pb_row _builder_version=&#8221;4.0.9&#8243;][et_pb_column type=&#8221;4_4&#8243; _builder_version=&#8221;4.0.9&#8243;][et_pb_text _builder_version=&#8221;4.0.9&#8243; text_font=&#8221;|300|||||||&#8221; text_line_height=&#8221;24px&#8221; header_2_text_color=&#8221;#1B999C&#8221; header_3_font=&#8221;|300|||||||&#8221; header_3_text_color=&#8221;#1b999c&#8221; header_3_font_size=&#8221;28px&#8221; background_enable_color=&#8221;off&#8221; text_orientation=&#8221;center&#8221; width=&#8221;80%&#8221; module_alignment=&#8221;center&#8221; custom_margin=&#8221;20px||80px||false|false&#8221; text_text_align=&#8221;center&#8221;]<\/p>\n<h3>Identifiable by Progressiveness<\/h3>\n<p> In the Business and Industry Zone Tezno, among other things, very complex parts and assemblies are made for the largest European car makers such as Citro\u00ebn, Peugeot, Ford, Magna Steyr, VW, Daimler- Mercedes Benz, Iveco and others. At the same time our zone is the scene of planning and creation of ever more highly sophisticated, so-called high-tech products and services, including postal-logistics, banking and insurance. It is also an area, which is renowned for developing the most advanced solutions in the field of industrial energy efficiency, and the development and design of passive houses. The suchlike can also be found here in the image of a futuristically designed business premises. [\/et_pb_text][\/et_pb_column][\/et_pb_row][et_pb_row _builder_version=&#8221;4.0.9&#8243; background_color=&#8221;#1B999C&#8221;][et_pb_column type=&#8221;4_4&#8243; _builder_version=&#8221;3.26.3&#8243;][et_pb_image src=&#8221;http:\/\/www.conatezno.si\/wp-content\/uploads\/2019\/12\/piktogram-2.png&#8221; align=&#8221;center&#8221; _builder_version=&#8221;4.0.9&#8243; custom_margin=&#8221;||10px||false|false&#8221; custom_padding=&#8221;||0px||false|false&#8221;][\/et_pb_image][et_pb_text _builder_version=&#8221;4.0.9&#8243; text_text_color=&#8221;#ffffff&#8221; text_font_size=&#8221;14px&#8221; text_line_height=&#8221;16px&#8221; header_3_text_color=&#8221;#ffffff&#8221; text_orientation=&#8221;center&#8221;]<\/p>\n<h3>Everything your company needs<\/h3>\n<p>[\/et_pb_text][\/et_pb_column][\/et_pb_row][et_pb_row _builder_version=&#8221;4.0.9&#8243;][et_pb_column type=&#8221;4_4&#8243; _builder_version=&#8221;4.0.9&#8243;][et_pb_text _builder_version=&#8221;4.0.9&#8243; text_font=&#8221;|300|||||||&#8221; text_line_height=&#8221;24px&#8221; header_3_font=&#8221;|300|||||||&#8221; header_3_text_color=&#8221;#1b999c&#8221; header_3_font_size=&#8221;28px&#8221; text_orientation=&#8221;center&#8221; width=&#8221;80%&#8221; module_alignment=&#8221;center&#8221; custom_margin=&#8221;20px||||false|false&#8221; text_text_align=&#8221;center&#8221;]<\/p>\n<h3>Everything your company needs<\/h3>\n<p> Zavod PPC Tezno Institute delivers various activities and services for companies in the Business and Industry Zone Tezno. These services vontribute to increased functionality and professional effectiveness of the zone, which is an important economic area.[\/et_pb_text][et_pb_text _builder_version=&#8221;4.0.9&#8243; text_font=&#8221;|300|||||||&#8221; text_line_height=&#8221;24px&#8221; width=&#8221;80%&#8221; module_alignment=&#8221;center&#8221; custom_margin=&#8221;||80px||false|false&#8221;]<\/p>\n<p>\u2022 dobra prostorska ume\u0161\u010denost glede na prometne koridorje (V in X), dostopnost (AC, \u017eeleznica, letali\u0161\u010de)<br \/> \u2022 infrastruktura zagotovljena<br \/> \u2022 ve\u010d dobrih podjetij, proizvodna tradicija, tehni\u010dno znanje (kovinsko predelovalna, avtomobilska, orodja, obdelave,\u2026)<br \/> \u2022 dovolj prostora za \u0161iritev<br \/> \u2022 ni onesna\u017eenosti, prisoten trend razvijanja \u201czelenega\u201d gospodarstva<br \/> \u2022 usposobljena delovna sila, tradicija v industriji in storitvah<\/p>\n<p>[\/et_pb_text][\/et_pb_column][\/et_pb_row][et_pb_row _builder_version=&#8221;4.0.9&#8243; background_color=&#8221;#1B999C&#8221;][et_pb_column type=&#8221;4_4&#8243; _builder_version=&#8221;3.26.3&#8243;][et_pb_image src=&#8221;http:\/\/www.conatezno.si\/wp-content\/uploads\/2019\/12\/piktogram-3.png&#8221; align=&#8221;center&#8221; _builder_version=&#8221;4.0.9&#8243; custom_margin=&#8221;||10px||false|false&#8221;][\/et_pb_image][et_pb_text _builder_version=&#8221;4.0.9&#8243; text_text_color=&#8221;#ffffff&#8221; text_font_size=&#8221;14px&#8221; text_line_height=&#8221;16px&#8221; header_3_text_color=&#8221;#ffffff&#8221; text_orientation=&#8221;center&#8221;]<\/p>\n<h3>Exceptional geostrategic location<\/h3>\n<p>[\/et_pb_text][\/et_pb_column][\/et_pb_row][et_pb_row _builder_version=&#8221;4.0.9&#8243;][et_pb_column type=&#8221;4_4&#8243; _builder_version=&#8221;4.0.9&#8243;][et_pb_text _builder_version=&#8221;4.0.9&#8243; text_font=&#8221;|300|||||||&#8221; text_line_height=&#8221;24px&#8221; header_3_font=&#8221;|300|||||||&#8221; header_3_text_color=&#8221;#1b999c&#8221; header_3_font_size=&#8221;28px&#8221; text_orientation=&#8221;center&#8221; width=&#8221;80%&#8221; module_alignment=&#8221;center&#8221; custom_margin=&#8221;20px||||false|false&#8221; text_text_align=&#8221;center&#8221;]<\/p>\n<h3>Exceptional geostrategic location<\/h3>\n<p> Apart from a rich industrial tradition that goes back 70 years, the biggest advantage of the Business and Industry Zone Tezno is its geostrategic location. In the immediate vicinity are the intersections of the European highway corridors 5 and 10, which connect Europe&#8217;s north and southeast in the direction Hamburg \u2013 Istanbul, and Europe&#8217;s east and southwest in the direction Kiev \u2013 Lisbon respectively. Another advantage of the zone is the fact that Maribor, as the second largest city in Slovenia, has excellent road and rail links with the Adriatic ports of Koper and Trieste, which are a distance of about 200 kilometres from Maribor. Finally, the zone is just a few kilometres away from Maribor&#8217;s modernised airport; Graz airport in Austria is a mere 45 kilometres.[\/et_pb_text][\/et_pb_column][\/et_pb_row][et_pb_row column_structure=&#8221;3_5,2_5&#8243; _builder_version=&#8221;4.0.9&#8243; width=&#8221;60%&#8221; custom_margin=&#8221;||80px||false|false&#8221; custom_padding=&#8221;|0px||0px|false|false&#8221;][et_pb_column type=&#8221;3_5&#8243; _builder_version=&#8221;3.26.3&#8243;][et_pb_image src=&#8221;http:\/\/www.conatezno.si\/wp-content\/uploads\/2019\/07\/geo-zemljevid.jpg&#8221; _builder_version=&#8221;3.26.3&#8243; custom_margin=&#8221;|0px||0px|false|false&#8221; custom_padding=&#8221;|0px||0px|false|false&#8221;][\/et_pb_image][\/et_pb_column][et_pb_column type=&#8221;2_5&#8243; _builder_version=&#8221;3.26.3&#8243;][et_pb_text _builder_version=&#8221;4.0.11&#8243; text_font=&#8221;|300|||||||&#8221; text_line_height=&#8221;24px&#8221; hover_enabled=&#8221;0&#8243;]<\/p>\n<div>Coordinates | 46 33&#8242; N in 15 39 E Altitude | 274 m Surface | 148 km2<\/div>\n\n<div class=\"legendaDiv\">\n<div class=\"legenda-text legendaText\">\u017deleznica<\/div>\n<div class=\"legenda-image legendaZeleznica\"><\/div>\n<div class=\"clear\"><\/div>\n<div class=\"legenda-text legendaText\">Avtocesta<\/div>\n<div class=\"legenda-image legendaAvtocesta\"><\/div>\n<div class=\"clear\"><\/div>\n<div class=\"legenda-text legendaText\">Letali\u0161\u010de Jo\u017eeta Pu\u010dnika<\/div>\n<div class=\"legenda-image legendaAirport\"><\/div>\n<div class=\"clear\"><\/div>\n<div class=\"legenda-text legendaText\">Letali\u0161\u010de Edvarda Rusjana<\/div>\n<div class=\"legenda-image legendaAirport\"><\/div>\n<div class=\"clear\"><\/div>\n<div class=\"legenda-text legendaText\">Maribor<\/div>\n<div class=\"legenda-image legendaMB\"><\/div>\n<div class=\"clear\"><\/div>\n<div class=\"legenda-text legendaText\">Koper &#8211; 235 km<\/div>\n<div class=\"legenda-image legendaKP\"><\/div>\n<div class=\"clear\"><\/div>\n<\/p><\/div>\n\n<div class=\"legendaMestaDiv\">M\u00fcnchen &#8211; 485 km, Dunaj &#8211; 257 km, Budimpe\u0161ta &#8211; 341 km, Gradec &#8211; 70 km, Milano &#8211; 628 km, Benetke &#8211; 372 km, Koper &#8211; 235 km, Ljubljana &#8211; 129 km, Zagreb &#8211; 117 km, Beograd &#8211; 510 km<\/div>\n<p>[\/et_pb_text][\/et_pb_column][\/et_pb_row][et_pb_row _builder_version=&#8221;4.0.9&#8243; background_color=&#8221;#1B999C&#8221;][et_pb_column type=&#8221;4_4&#8243; _builder_version=&#8221;3.26.3&#8243;][et_pb_image src=&#8221;http:\/\/www.conatezno.si\/wp-content\/uploads\/2019\/12\/piktogram-4.png&#8221; align=&#8221;center&#8221; _builder_version=&#8221;4.0.9&#8243; custom_margin=&#8221;||10px||false|false&#8221;][\/et_pb_image][et_pb_text _builder_version=&#8221;4.0.9&#8243; text_text_color=&#8221;#ffffff&#8221; text_font_size=&#8221;14px&#8221; text_line_height=&#8221;16px&#8221; header_3_text_color=&#8221;#ffffff&#8221; text_orientation=&#8221;center&#8221;]<\/p>\n<h3>Business tradition<\/h3>\n<p>[\/et_pb_text][\/et_pb_column][\/et_pb_row][et_pb_row _builder_version=&#8221;3.26.3&#8243;][et_pb_column type=&#8221;4_4&#8243; _builder_version=&#8221;3.26.3&#8243;][et_pb_text _builder_version=&#8221;4.0.9&#8243; text_font=&#8221;|300|||||||&#8221; text_line_height=&#8221;24px&#8221; header_3_font=&#8221;|300|||||||&#8221; header_3_text_color=&#8221;#1b999c&#8221; header_3_font_size=&#8221;28px&#8221; text_orientation=&#8221;center&#8221; width=&#8221;80%&#8221; module_alignment=&#8221;center&#8221; custom_margin=&#8221;20px||||false|false&#8221; text_text_align=&#8221;center&#8221;]<\/p>\n<h3>Business tradition<\/h3>\n<p>[\/et_pb_text][et_pb_vertical_timeline line_color=&#8221;#0a5153&#8243; _builder_version=&#8221;4.0.9&#8243; label_text_color=&#8221;#000000&#8243; label_font_size=&#8221;16px&#8221; label_line_height=&#8221;19px&#8221; headings_text_color=&#8221;#1B999C&#8221; headings_font_size=&#8221;21px&#8221; headings_line_height=&#8221;25px&#8221; custom_margin=&#8221;||80px||false|false&#8221;][et_pb_vertical_timeline_item _builder_version=&#8221;4.0.9&#8243;]Na obmo\u010dju dana\u0161nje Cone Tezno se je nekdaj razprostirala znamenita Tovarna avtomobilov Maribor (TAM), ki je tukaj zapustila prepoznavno sled razvoja sodobne industrijske tradicije. Njena predhodnica je bila v \u010dasu 2. svetovne vojne Tovarna letalskih delov. Danes je v 215 podjetjih, ki so svoj prostor na\u0161la v Coni Tezno, skupaj zaposlenih okrog 3670 ljudi.[\/et_pb_vertical_timeline_item][et_pb_vertical_timeline_item title=&#8221;1942&#8243; _builder_version=&#8221;4.0.9&#8243;]Na\u0161i za\u010detki segajo v leto 1941, ko so iz ni\u010d v kratkem \u010dasu tovarno zgradili Nemci. V njej so proizvajali letalske dele za potrebe vojne industrije.[\/et_pb_vertical_timeline_item][et_pb_vertical_timeline_item title=&#8221;2000&#8243; _builder_version=&#8221;4.0.9&#8243;]Na\u0161i za\u010detki segajo v leto 1941, ko so iz ni\u010d v kratkem \u010dasu tovarno zgradili Nemci. V njej so proizvajali letalske dele za potrebe vojne industrije.[\/et_pb_vertical_timeline_item][et_pb_vertical_timeline_item title=&#8221;1943&#8243; _builder_version=&#8221;4.0.9&#8243;]Pomembna dedi\u0161\u010dina so tudi podzemni rovi, ki so jih leta 1943 zaradi nevarnosti zavezni\u0161kih zra\u010dnih napadov za\u010deli pospe\u0161eno graditi na povr\u0161ini 8.512 kvadratnih metrov, in ki naj bi kot rezervna lokacija omogo\u010dali nemoteno nadaljevanje proizvodnje ob vse pogostej\u0161ih napadih na tovarno. Del rovov je \u0161e danes prehoden in jih ponujamo kot turisti\u010dno znamenitost. [\/et_pb_vertical_timeline_item][et_pb_vertical_timeline_item title=&#8221;1944&#8243; _builder_version=&#8221;4.0.9&#8243;]Bombardiranje voja\u0161kih in industrijskih objektov v Mariboru.[\/et_pb_vertical_timeline_item][et_pb_vertical_timeline_item title=&#8221;1946&#8243; _builder_version=&#8221;4.0.9&#8243;]Proizvodnja se je kmalu preusmerila v izdelavo tovornih vozil, nekdanja tovarna letalskih delov pa se je leta 1946 preimenovala v Tovarno avtomobilov Maribor tezno. Logotip zanjo &#8211; tri kroge in peterokrako zvezdo v sredini &#8211; je zasnovalarhitekt Jaroslav \u010cernigoj. Navdih je dobil v Parizu, v enem od vitra\u017eev katedrale Notre Dame. Logotip so uradno potrdili februarja 1947, veljal pa je do konca obstoja tovarne.[\/et_pb_vertical_timeline_item][et_pb_vertical_timeline_item title=&#8221;1996&#8243; _builder_version=&#8221;4.0.9&#8243;]Po 50 letih obratovanja je bil junija 1996 za TAM uveden ste\u010dajni postopek, za ve\u010d tiso\u010d zaposlenih pa se je pri\u010del boj za pre\u017eivetje, bodisi v obliki pred\u010dasne upokojitve bodisi z odhodom na borzo dela. TAM je bil dolga leta najbe\u010dja mariborska tovarna, saj je bil v njej zaposlen vsak 10. Maribor\u010dan. Ustanovitev \u0161tirinajstih MPP dru\u017eb, ki so prevzele programe in zaposlene biv\u0161e tovarne. Sredstev za nove nalo\u017ebe ni bilo, zato so dru\u017ebe takoj za\u010dele iskati strate\u0161ke partnerje. Celotno premo\u017eenje biv\u0161e tovarne, zemlji\u0161\u010da, objekte, opremo ter komunalno in energetsko infrastrukturo je nato od ste\u010dajnega upravitelja odkupil Konzorcij 22 podjetij, med njimi z najve\u010djo udele\u017ebo dr\u017eavni Slovenski razvojni sklad. Sklad je pozneje svoje dele\u017ee v celoti odprodal in izstopil iz podjetij.[\/et_pb_vertical_timeline_item][et_pb_vertical_timeline_item title=&#8221;2000&#8243; _builder_version=&#8221;4.0.9&#8243;]V za\u010detku leta 2000 je za\u017eivela Poslovno proizvodna cona Tezno. Ustanovljen je bil Zavod PPC Tezno, ki mu je bilo zaupano upravljanje skupne infrastrukture, povezovanje z mestno upravo in oskrba podjetij z energenti. Zavod je v nekaj letih prerasel v pobudnika nadaljnega razvoja cone.[\/et_pb_vertical_timeline_item][et_pb_vertical_timeline_item title=&#8221;2001&#8243; _builder_version=&#8221;4.0.9&#8243;]V teh letih se je v Coni Tezno razmahnila predvsem kovinskopredelovalna industrija, velikoserijska proizvodnja delov za avtomobilsko industrijo, orodjarstvo ter izdelava specifi\u010dnih proizvodnih sistemov. Okrog njih so se polagoma zbirali podizvajalci in komplementarne dejavnosti. Naglo se je povzpelo \u0161tevilo storitvenih dejavnosti, med njimi tudi take z velikim dele\u017eem znanja in visoko dodano vrednostjo. S prihodom novih podjetij se je za\u010dela spreminjati tudi zunanja podoba. Ob starih tovarni\u0161kih halah, ki jih je uporabljal Tam, so zrastle nove modelne zgradbe. V Coni Tezno pa je \u0161e vedno veliko prostora za nove izzive. Pribli\u017eno 43 ha gradbenih zemlji\u0161\u010d, ki jih je potrebno opremit s prometno in komunalno infrastrukturo in s tem narediti privla\u010dnej\u0161e za investitorje.[\/et_pb_vertical_timeline_item][\/et_pb_vertical_timeline][\/et_pb_column][\/et_pb_row][et_pb_row _builder_version=&#8221;4.0.9&#8243; background_color=&#8221;#1B999C&#8221;][et_pb_column type=&#8221;4_4&#8243; _builder_version=&#8221;3.26.3&#8243;][et_pb_image src=&#8221;http:\/\/www.conatezno.si\/wp-content\/uploads\/2019\/12\/piktogram-5.png&#8221; align=&#8221;center&#8221; _builder_version=&#8221;4.0.9&#8243; custom_margin=&#8221;||10px||false|false&#8221;][\/et_pb_image][et_pb_text _builder_version=&#8221;4.0.9&#8243; text_text_color=&#8221;#ffffff&#8221; text_font_size=&#8221;14px&#8221; text_line_height=&#8221;16px&#8221; header_3_text_color=&#8221;#ffffff&#8221; text_orientation=&#8221;center&#8221;]<\/p>\n<h3>City Maribor<\/h3>\n<p>[\/et_pb_text][\/et_pb_column][\/et_pb_row][et_pb_row _builder_version=&#8221;4.0.9&#8243;][et_pb_column type=&#8221;4_4&#8243; _builder_version=&#8221;4.0.9&#8243;][et_pb_text _builder_version=&#8221;4.0.9&#8243; text_font=&#8221;|300|||||||&#8221; text_line_height=&#8221;24px&#8221; header_3_font=&#8221;|300|||||||&#8221; header_3_text_color=&#8221;#1b999c&#8221; header_3_font_size=&#8221;28px&#8221; text_orientation=&#8221;center&#8221; width=&#8221;80%&#8221; module_alignment=&#8221;center&#8221; custom_margin=&#8221;20px||80px||false|false&#8221; text_text_align=&#8221;center&#8221;]<\/p>\n<h3>City Maribor<\/h3>\n<p> Maribor is the second largest city in Slovenia and as such represents the economic, cultural, commercial and tourist center of the North-East Slovenia[\/et_pb_text][\/et_pb_column][\/et_pb_row][\/et_pb_section]<\/p>\n","protected":false},"excerpt":{"rendered":"<p>PresentationIdentifiable by ProgressivenessIdentifiable by Progressiveness In the Business and Industry Zone Tezno, among other things, very complex parts and assemblies are made for the largest European car makers such as Citro\u00ebn, Peugeot, Ford, Magna Steyr, VW, Daimler- Mercedes Benz, Iveco and others. At the same time our zone is the scene of planning and creation [&hellip;]<\/p>\n","protected":false},"author":1,"featured_media":0,"parent":0,"menu_order":0,"comment_status":"closed","ping_status":"closed","template":"","meta":{"_et_pb_use_builder":"on","_et_pb_old_content":"","_et_gb_content_width":"","footnotes":""},"class_list":["post-2383","page","type-page","status-publish","hentry"],"yoast_head":"<!-- This site is optimized with the Yoast SEO plugin v27.5 - https:\/\/yoast.com\/product\/yoast-seo-wordpress\/ -->\n<title>Presentation - Cona Tezno<\/title>\n<meta name=\"robots\" content=\"index, follow, max-snippet:-1, max-image-preview:large, max-video-preview:-1\" \/>\n<link rel=\"canonical\" href=\"https:\/\/www.conatezno.si\/en\/presentation\/\" \/>\n<meta property=\"og:locale\" content=\"en_US\" \/>\n<meta property=\"og:type\" content=\"article\" \/>\n<meta property=\"og:title\" content=\"Presentation - Cona Tezno\" \/>\n<meta property=\"og:description\" content=\"PresentationIdentifiable by ProgressivenessIdentifiable by Progressiveness In the Business and Industry Zone Tezno, among other things, very complex parts and assemblies are made for the largest European car makers such as Citro\u00ebn, Peugeot, Ford, Magna Steyr, VW, Daimler- Mercedes Benz, Iveco and others. At the same time our zone is the scene of planning and creation [&hellip;]\" \/>\n<meta property=\"og:url\" content=\"https:\/\/www.conatezno.si\/en\/presentation\/\" \/>\n<meta property=\"og:site_name\" content=\"Cona Tezno\" \/>\n<meta name=\"twitter:card\" content=\"summary_large_image\" \/>\n<meta name=\"twitter:label1\" content=\"Est. reading time\" \/>\n\t<meta name=\"twitter:data1\" content=\"10 minutes\" \/>\n<script type=\"application\/ld+json\" class=\"yoast-schema-graph\">{\"@context\":\"https:\\\/\\\/schema.org\",\"@graph\":[{\"@type\":\"WebPage\",\"@id\":\"https:\\\/\\\/www.conatezno.si\\\/en\\\/presentation\\\/\",\"url\":\"https:\\\/\\\/www.conatezno.si\\\/en\\\/presentation\\\/\",\"name\":\"Presentation - Cona Tezno\",\"isPartOf\":{\"@id\":\"https:\\\/\\\/www.conatezno.si\\\/en\\\/#website\"},\"datePublished\":\"2020-01-08T12:36:53+00:00\",\"breadcrumb\":{\"@id\":\"https:\\\/\\\/www.conatezno.si\\\/en\\\/presentation\\\/#breadcrumb\"},\"inLanguage\":\"en-US\",\"potentialAction\":[{\"@type\":\"ReadAction\",\"target\":[\"https:\\\/\\\/www.conatezno.si\\\/en\\\/presentation\\\/\"]}]},{\"@type\":\"BreadcrumbList\",\"@id\":\"https:\\\/\\\/www.conatezno.si\\\/en\\\/presentation\\\/#breadcrumb\",\"itemListElement\":[{\"@type\":\"ListItem\",\"position\":1,\"name\":\"Home\",\"item\":\"https:\\\/\\\/www.conatezno.si\\\/en\\\/\"},{\"@type\":\"ListItem\",\"position\":2,\"name\":\"Presentation\"}]},{\"@type\":\"WebSite\",\"@id\":\"https:\\\/\\\/www.conatezno.si\\\/en\\\/#website\",\"url\":\"https:\\\/\\\/www.conatezno.si\\\/en\\\/\",\"name\":\"Cona Tezno\",\"description\":\"\",\"potentialAction\":[{\"@type\":\"SearchAction\",\"target\":{\"@type\":\"EntryPoint\",\"urlTemplate\":\"https:\\\/\\\/www.conatezno.si\\\/en\\\/?s={search_term_string}\"},\"query-input\":{\"@type\":\"PropertyValueSpecification\",\"valueRequired\":true,\"valueName\":\"search_term_string\"}}],\"inLanguage\":\"en-US\"}]}<\/script>\n<!-- \/ Yoast SEO plugin. -->","yoast_head_json":{"title":"Presentation - Cona Tezno","robots":{"index":"index","follow":"follow","max-snippet":"max-snippet:-1","max-image-preview":"max-image-preview:large","max-video-preview":"max-video-preview:-1"},"canonical":"https:\/\/www.conatezno.si\/en\/presentation\/","og_locale":"en_US","og_type":"article","og_title":"Presentation - Cona Tezno","og_description":"PresentationIdentifiable by ProgressivenessIdentifiable by Progressiveness In the Business and Industry Zone Tezno, among other things, very complex parts and assemblies are made for the largest European car makers such as Citro\u00ebn, Peugeot, Ford, Magna Steyr, VW, Daimler- Mercedes Benz, Iveco and others. At the same time our zone is the scene of planning and creation [&hellip;]","og_url":"https:\/\/www.conatezno.si\/en\/presentation\/","og_site_name":"Cona Tezno","twitter_card":"summary_large_image","twitter_misc":{"Est. reading time":"10 minutes"},"schema":{"@context":"https:\/\/schema.org","@graph":[{"@type":"WebPage","@id":"https:\/\/www.conatezno.si\/en\/presentation\/","url":"https:\/\/www.conatezno.si\/en\/presentation\/","name":"Presentation - Cona Tezno","isPartOf":{"@id":"https:\/\/www.conatezno.si\/en\/#website"},"datePublished":"2020-01-08T12:36:53+00:00","breadcrumb":{"@id":"https:\/\/www.conatezno.si\/en\/presentation\/#breadcrumb"},"inLanguage":"en-US","potentialAction":[{"@type":"ReadAction","target":["https:\/\/www.conatezno.si\/en\/presentation\/"]}]},{"@type":"BreadcrumbList","@id":"https:\/\/www.conatezno.si\/en\/presentation\/#breadcrumb","itemListElement":[{"@type":"ListItem","position":1,"name":"Home","item":"https:\/\/www.conatezno.si\/en\/"},{"@type":"ListItem","position":2,"name":"Presentation"}]},{"@type":"WebSite","@id":"https:\/\/www.conatezno.si\/en\/#website","url":"https:\/\/www.conatezno.si\/en\/","name":"Cona Tezno","description":"","potentialAction":[{"@type":"SearchAction","target":{"@type":"EntryPoint","urlTemplate":"https:\/\/www.conatezno.si\/en\/?s={search_term_string}"},"query-input":{"@type":"PropertyValueSpecification","valueRequired":true,"valueName":"search_term_string"}}],"inLanguage":"en-US"}]}},"_links":{"self":[{"href":"https:\/\/www.conatezno.si\/en\/wp-json\/wp\/v2\/pages\/2383","targetHints":{"allow":["GET"]}}],"collection":[{"href":"https:\/\/www.conatezno.si\/en\/wp-json\/wp\/v2\/pages"}],"about":[{"href":"https:\/\/www.conatezno.si\/en\/wp-json\/wp\/v2\/types\/page"}],"author":[{"embeddable":true,"href":"https:\/\/www.conatezno.si\/en\/wp-json\/wp\/v2\/users\/1"}],"replies":[{"embeddable":true,"href":"https:\/\/www.conatezno.si\/en\/wp-json\/wp\/v2\/comments?post=2383"}],"version-history":[{"count":1,"href":"https:\/\/www.conatezno.si\/en\/wp-json\/wp\/v2\/pages\/2383\/revisions"}],"predecessor-version":[{"id":2384,"href":"https:\/\/www.conatezno.si\/en\/wp-json\/wp\/v2\/pages\/2383\/revisions\/2384"}],"wp:attachment":[{"href":"https:\/\/www.conatezno.si\/en\/wp-json\/wp\/v2\/media?parent=2383"}],"curies":[{"name":"wp","href":"https:\/\/api.w.org\/{rel}","templated":true}]}}