{"id":2450,"date":"2020-01-08T13:32:24","date_gmt":"2020-01-08T13:32:24","guid":{"rendered":"http:\/\/www.conatezno.si\/vorstellung\/"},"modified":"2020-01-08T13:32:24","modified_gmt":"2020-01-08T13:32:24","slug":"vorstellung","status":"publish","type":"page","link":"https:\/\/www.conatezno.si\/de\/vorstellung\/","title":{"rendered":"Vorstellung"},"content":{"rendered":"<p>[et_pb_section fb_built=&#8220;1&#8243; _builder_version=&#8220;3.26.3&#8243;][et_pb_row _builder_version=&#8220;4.0.9&#8243;][et_pb_column type=&#8220;4_4&#8243; _builder_version=&#8220;4.0.9&#8243;][et_pb_text _builder_version=&#8220;3.27.4&#8243; header_font=&#8220;|300|||||||&#8220; header_text_align=&#8220;center&#8220; header_font_size=&#8220;46px&#8220; header_line_height=&#8220;54px&#8220;]<\/p>\n<h1>Vorstellung<\/h1>\n<p>[\/et_pb_text][\/et_pb_column][\/et_pb_row][et_pb_row _builder_version=&#8220;4.0.9&#8243; background_color=&#8220;#1B999C&#8220;][et_pb_column type=&#8220;4_4&#8243; _builder_version=&#8220;3.26.3&#8243;][et_pb_image src=&#8220;http:\/\/www.conatezno.si\/wp-content\/uploads\/2019\/12\/piktogram-1.png&#8220; align=&#8220;center&#8220; _builder_version=&#8220;4.0.9&#8243; custom_margin=&#8220;||10px||false|false&#8220;][\/et_pb_image][et_pb_text _builder_version=&#8220;4.0.9&#8243; text_text_color=&#8220;#ffffff&#8220; text_font_size=&#8220;14px&#8220; text_line_height=&#8220;16px&#8220; header_3_text_color=&#8220;#ffffff&#8220; text_orientation=&#8220;center&#8220;]<\/p>\n<h3>Erkennbar durch Fortschrittlichkeit<\/h3>\n<p>[\/et_pb_text][\/et_pb_column][\/et_pb_row][et_pb_row _builder_version=&#8220;4.0.9&#8243;][et_pb_column type=&#8220;4_4&#8243; _builder_version=&#8220;4.0.9&#8243;][et_pb_text _builder_version=&#8220;4.0.9&#8243; text_font=&#8220;|300|||||||&#8220; text_line_height=&#8220;24px&#8220; header_2_text_color=&#8220;#1B999C&#8220; header_3_font=&#8220;|300|||||||&#8220; header_3_text_color=&#8220;#1b999c&#8220; header_3_font_size=&#8220;28px&#8220; background_enable_color=&#8220;off&#8220; text_orientation=&#8220;center&#8220; width=&#8220;80%&#8220; module_alignment=&#8220;center&#8220; custom_margin=&#8220;20px||80px||false|false&#8220; text_text_align=&#8220;center&#8220;]<\/p>\n<h3>Erkennbar durch Fortschrittlichkeit<\/h3>\n<p> In der Gesch\u00e4fts-Produktionszone Tezno entstehen unter anderem \u00e4u\u00dferst anspruchsvolle Teile und Anlagen f\u00fcr die gr\u00f6\u00dften europ\u00e4ischen Automobilhersteller wie Citro\u00ebn, Peugeot, Ford, Magna Steyr, VW, Daimler- Mercedes Benz, Iveco und andere. Gleichzeitig ist unsere Zone Schauplatz der Gr\u00fcndung und des Entstehens mehr und mehr hoch sophistizierter, so genannter &#8218;hi-tec&#8216; Produkte und Leistungen, auch in den Segmenten Post-Logistik, Bank- und Versicherungswesen. Ber\u00fchmtheit erlangt dieses Gebiet gleichfalls aufgrund der Entwicklung progressivster L\u00f6sungen bez\u00fcglich der Energieeinsparung beziehungsweise Projektierung von Passivh\u00e4usern. Ein solches, allem Anschein nach futuristisch gestaltetes Gesch\u00e4ftsgeb\u00e4ude, finden Sie auch bei uns. [\/et_pb_text][\/et_pb_column][\/et_pb_row][et_pb_row _builder_version=&#8220;4.0.9&#8243; background_color=&#8220;#1B999C&#8220;][et_pb_column type=&#8220;4_4&#8243; _builder_version=&#8220;3.26.3&#8243;][et_pb_image src=&#8220;http:\/\/www.conatezno.si\/wp-content\/uploads\/2019\/12\/piktogram-2.png&#8220; align=&#8220;center&#8220; _builder_version=&#8220;4.0.9&#8243; custom_margin=&#8220;||10px||false|false&#8220; custom_padding=&#8220;||0px||false|false&#8220;][\/et_pb_image][et_pb_text _builder_version=&#8220;4.0.9&#8243; text_text_color=&#8220;#ffffff&#8220; text_font_size=&#8220;14px&#8220; text_line_height=&#8220;16px&#8220; header_3_text_color=&#8220;#ffffff&#8220; text_orientation=&#8220;center&#8220;]<\/p>\n<h3>Leistungen<\/h3>\n<p>[\/et_pb_text][\/et_pb_column][\/et_pb_row][et_pb_row _builder_version=&#8220;4.0.9&#8243;][et_pb_column type=&#8220;4_4&#8243; _builder_version=&#8220;4.0.9&#8243;][et_pb_text _builder_version=&#8220;4.0.9&#8243; text_font=&#8220;|300|||||||&#8220; text_line_height=&#8220;24px&#8220; header_3_font=&#8220;|300|||||||&#8220; header_3_text_color=&#8220;#1b999c&#8220; header_3_font_size=&#8220;28px&#8220; text_orientation=&#8220;center&#8220; width=&#8220;80%&#8220; module_alignment=&#8220;center&#8220; custom_margin=&#8220;20px||||false|false&#8220; text_text_align=&#8220;center&#8220;]<\/p>\n<h3>Leistungen<\/h3>\n<p> Zavod PPC Tezno f\u00fchrt f\u00fcr Unternehmen in der Zone Tezno zahlreiche Aufgaben und Leistungen aus, die zur gr\u00f6\u00dferen funktionalen und gesch\u00e4ftlichen Effektivit\u00e4t dieses bedeutenden Wirtschaftsgebietes beitragen.[\/et_pb_text][et_pb_text _builder_version=&#8220;4.0.9&#8243; text_font=&#8220;|300|||||||&#8220; text_line_height=&#8220;24px&#8220; width=&#8220;80%&#8220; module_alignment=&#8220;center&#8220; custom_margin=&#8220;||80px||false|false&#8220;]<\/p>\n<p>\u2022 dobra prostorska ume\u0161\u010denost glede na prometne koridorje (V in X), dostopnost (AC, \u017eeleznica, letali\u0161\u010de)<br \/> \u2022 infrastruktura zagotovljena<br \/> \u2022 ve\u010d dobrih podjetij, proizvodna tradicija, tehni\u010dno znanje (kovinsko predelovalna, avtomobilska, orodja, obdelave,\u2026)<br \/> \u2022 dovolj prostora za \u0161iritev<br \/> \u2022 ni onesna\u017eenosti, prisoten trend razvijanja \u201czelenega\u201d gospodarstva<br \/> \u2022 usposobljena delovna sila, tradicija v industriji in storitvah<\/p>\n<p>[\/et_pb_text][\/et_pb_column][\/et_pb_row][et_pb_row _builder_version=&#8220;4.0.9&#8243; background_color=&#8220;#1B999C&#8220;][et_pb_column type=&#8220;4_4&#8243; _builder_version=&#8220;3.26.3&#8243;][et_pb_image src=&#8220;http:\/\/www.conatezno.si\/wp-content\/uploads\/2019\/12\/piktogram-3.png&#8220; align=&#8220;center&#8220; _builder_version=&#8220;4.0.9&#8243; custom_margin=&#8220;||10px||false|false&#8220;][\/et_pb_image][et_pb_text _builder_version=&#8220;4.0.9&#8243; text_text_color=&#8220;#ffffff&#8220; text_font_size=&#8220;14px&#8220; text_line_height=&#8220;16px&#8220; header_3_text_color=&#8220;#ffffff&#8220; text_orientation=&#8220;center&#8220;]<\/p>\n<h3>Au\u00dferordentliche geostrategische Lage<\/h3>\n<p>[\/et_pb_text][\/et_pb_column][\/et_pb_row][et_pb_row _builder_version=&#8220;4.0.9&#8243;][et_pb_column type=&#8220;4_4&#8243; _builder_version=&#8220;4.0.9&#8243;][et_pb_text _builder_version=&#8220;4.0.9&#8243; text_font=&#8220;|300|||||||&#8220; text_line_height=&#8220;24px&#8220; header_3_font=&#8220;|300|||||||&#8220; header_3_text_color=&#8220;#1b999c&#8220; header_3_font_size=&#8220;28px&#8220; text_orientation=&#8220;center&#8220; width=&#8220;80%&#8220; module_alignment=&#8220;center&#8220; custom_margin=&#8220;20px||||false|false&#8220; text_text_align=&#8220;center&#8220;]<\/p>\n<h3>Au\u00dferordentliche geostrategische Lage<\/h3>\n<p> Neben der reichen Industrietradition, die 70 Jahre zur\u00fcckreicht, ist der gr\u00f6\u00dfte Vorteil der Gesch\u00e4fts-Produktionszone Tezno ihre geostrategische Lage. In unmittelbarer N\u00e4he befindet sich die Kreuzung der europ\u00e4ischen Autobahnkorridore 5 und 10, die den europ\u00e4ischen Norden und S\u00fcdosten beziehungsweise die Richtung Hamburg-Istanbul und den europ\u00e4ischen Osten sowie S\u00fcdwesten beziehungsweise Kiew-Lissabon verbinden. Nutzbringend f\u00fcr die Zone ist gleichfalls die Tatsache, dass Maribor als zweitgr\u00f6\u00dfte Stadt Sloweniens \u00fcber eine hervorrragende Infrastruktur verf\u00fcgt, die ausgezeichneten Stra\u00dfen- und Eisenbahnverbindungen mit den Adriah\u00e4fen Koper und Triest, die rund 200 Kilometer von Maribor entfernt sind. Zu guter Letzt sind es von der Zone nur einige Kilometer bis zum erneuerten Flugplatz Maribor und zum Grazer Flugplatz kaum 45 Kilometer.[\/et_pb_text][\/et_pb_column][\/et_pb_row][et_pb_row column_structure=&#8220;3_5,2_5&#8243; _builder_version=&#8220;4.0.9&#8243; width=&#8220;60%&#8220; custom_margin=&#8220;||80px||false|false&#8220; custom_padding=&#8220;|0px||0px|false|false&#8220;][et_pb_column type=&#8220;3_5&#8243; _builder_version=&#8220;3.26.3&#8243;][et_pb_image src=&#8220;http:\/\/www.conatezno.si\/wp-content\/uploads\/2019\/07\/geo-zemljevid.jpg&#8220; _builder_version=&#8220;3.26.3&#8243; custom_margin=&#8220;|0px||0px|false|false&#8220; custom_padding=&#8220;|0px||0px|false|false&#8220;][\/et_pb_image][\/et_pb_column][et_pb_column type=&#8220;2_5&#8243; _builder_version=&#8220;3.26.3&#8243;][et_pb_text _builder_version=&#8220;4.0.11&#8243; text_font=&#8220;|300|||||||&#8220; text_line_height=&#8220;24px&#8220; hover_enabled=&#8220;0&#8243;]<\/p>\n<div>Koordinaten | 46 33&#8242; N in 15 39 E H\u00f6he \u00fc. d. M. | 274 m Fl\u00e4che | 148 km2<\/div>\n\n<div class=\"legendaDiv\">\n<div class=\"legenda-text legendaText\">\u017deleznica<\/div>\n<div class=\"legenda-image legendaZeleznica\"><\/div>\n<div class=\"clear\"><\/div>\n<div class=\"legenda-text legendaText\">Avtocesta<\/div>\n<div class=\"legenda-image legendaAvtocesta\"><\/div>\n<div class=\"clear\"><\/div>\n<div class=\"legenda-text legendaText\">Letali\u0161\u010de Jo\u017eeta Pu\u010dnika<\/div>\n<div class=\"legenda-image legendaAirport\"><\/div>\n<div class=\"clear\"><\/div>\n<div class=\"legenda-text legendaText\">Letali\u0161\u010de Edvarda Rusjana<\/div>\n<div class=\"legenda-image legendaAirport\"><\/div>\n<div class=\"clear\"><\/div>\n<div class=\"legenda-text legendaText\">Maribor<\/div>\n<div class=\"legenda-image legendaMB\"><\/div>\n<div class=\"clear\"><\/div>\n<div class=\"legenda-text legendaText\">Koper &#8211; 235 km<\/div>\n<div class=\"legenda-image legendaKP\"><\/div>\n<div class=\"clear\"><\/div>\n<\/p><\/div>\n\n<div class=\"legendaMestaDiv\">M\u00fcnchen &#8211; 485 km, Dunaj &#8211; 257 km, Budimpe\u0161ta &#8211; 341 km, Gradec &#8211; 70 km, Milano &#8211; 628 km, Benetke &#8211; 372 km, Koper &#8211; 235 km, Ljubljana &#8211; 129 km, Zagreb &#8211; 117 km, Beograd &#8211; 510 km<\/div>\n<p>[\/et_pb_text][\/et_pb_column][\/et_pb_row][et_pb_row _builder_version=&#8220;4.0.9&#8243; background_color=&#8220;#1B999C&#8220;][et_pb_column type=&#8220;4_4&#8243; _builder_version=&#8220;3.26.3&#8243;][et_pb_image src=&#8220;http:\/\/www.conatezno.si\/wp-content\/uploads\/2019\/12\/piktogram-4.png&#8220; align=&#8220;center&#8220; _builder_version=&#8220;4.0.9&#8243; custom_margin=&#8220;||10px||false|false&#8220;][\/et_pb_image][et_pb_text _builder_version=&#8220;4.0.9&#8243; text_text_color=&#8220;#ffffff&#8220; text_font_size=&#8220;14px&#8220; text_line_height=&#8220;16px&#8220; header_3_text_color=&#8220;#ffffff&#8220; text_orientation=&#8220;center&#8220;]<\/p>\n<h3>Firmentradition<\/h3>\n<p>[\/et_pb_text][\/et_pb_column][\/et_pb_row][et_pb_row _builder_version=&#8220;3.26.3&#8243;][et_pb_column type=&#8220;4_4&#8243; _builder_version=&#8220;3.26.3&#8243;][et_pb_text _builder_version=&#8220;4.0.9&#8243; text_font=&#8220;|300|||||||&#8220; text_line_height=&#8220;24px&#8220; header_3_font=&#8220;|300|||||||&#8220; header_3_text_color=&#8220;#1b999c&#8220; header_3_font_size=&#8220;28px&#8220; text_orientation=&#8220;center&#8220; width=&#8220;80%&#8220; module_alignment=&#8220;center&#8220; custom_margin=&#8220;20px||||false|false&#8220; text_text_align=&#8220;center&#8220;]<\/p>\n<h3>Firmentradition<\/h3>\n<p>[\/et_pb_text][et_pb_vertical_timeline line_color=&#8220;#0a5153&#8243; _builder_version=&#8220;4.0.9&#8243; label_text_color=&#8220;#000000&#8243; label_font_size=&#8220;16px&#8220; label_line_height=&#8220;19px&#8220; headings_text_color=&#8220;#1B999C&#8220; headings_font_size=&#8220;21px&#8220; headings_line_height=&#8220;25px&#8220; custom_margin=&#8220;||80px||false|false&#8220;][et_pb_vertical_timeline_item _builder_version=&#8220;4.0.9&#8243;]Na obmo\u010dju dana\u0161nje Cone Tezno se je nekdaj razprostirala znamenita Tovarna avtomobilov Maribor (TAM), ki je tukaj zapustila prepoznavno sled razvoja sodobne industrijske tradicije. Njena predhodnica je bila v \u010dasu 2. svetovne vojne Tovarna letalskih delov. Danes je v 215 podjetjih, ki so svoj prostor na\u0161la v Coni Tezno, skupaj zaposlenih okrog 3670 ljudi.[\/et_pb_vertical_timeline_item][et_pb_vertical_timeline_item title=&#8220;1942&#8243; _builder_version=&#8220;4.0.9&#8243;]Na\u0161i za\u010detki segajo v leto 1941, ko so iz ni\u010d v kratkem \u010dasu tovarno zgradili Nemci. V njej so proizvajali letalske dele za potrebe vojne industrije.[\/et_pb_vertical_timeline_item][et_pb_vertical_timeline_item title=&#8220;2000&#8243; _builder_version=&#8220;4.0.9&#8243;]Na\u0161i za\u010detki segajo v leto 1941, ko so iz ni\u010d v kratkem \u010dasu tovarno zgradili Nemci. V njej so proizvajali letalske dele za potrebe vojne industrije.[\/et_pb_vertical_timeline_item][et_pb_vertical_timeline_item title=&#8220;1943&#8243; _builder_version=&#8220;4.0.9&#8243;]Pomembna dedi\u0161\u010dina so tudi podzemni rovi, ki so jih leta 1943 zaradi nevarnosti zavezni\u0161kih zra\u010dnih napadov za\u010deli pospe\u0161eno graditi na povr\u0161ini 8.512 kvadratnih metrov, in ki naj bi kot rezervna lokacija omogo\u010dali nemoteno nadaljevanje proizvodnje ob vse pogostej\u0161ih napadih na tovarno. Del rovov je \u0161e danes prehoden in jih ponujamo kot turisti\u010dno znamenitost. [\/et_pb_vertical_timeline_item][et_pb_vertical_timeline_item title=&#8220;1944&#8243; _builder_version=&#8220;4.0.9&#8243;]Bombardiranje voja\u0161kih in industrijskih objektov v Mariboru.[\/et_pb_vertical_timeline_item][et_pb_vertical_timeline_item title=&#8220;1946&#8243; _builder_version=&#8220;4.0.9&#8243;]Proizvodnja se je kmalu preusmerila v izdelavo tovornih vozil, nekdanja tovarna letalskih delov pa se je leta 1946 preimenovala v Tovarno avtomobilov Maribor tezno. Logotip zanjo &#8211; tri kroge in peterokrako zvezdo v sredini &#8211; je zasnovalarhitekt Jaroslav \u010cernigoj. Navdih je dobil v Parizu, v enem od vitra\u017eev katedrale Notre Dame. Logotip so uradno potrdili februarja 1947, veljal pa je do konca obstoja tovarne.[\/et_pb_vertical_timeline_item][et_pb_vertical_timeline_item title=&#8220;1996&#8243; _builder_version=&#8220;4.0.9&#8243;]Po 50 letih obratovanja je bil junija 1996 za TAM uveden ste\u010dajni postopek, za ve\u010d tiso\u010d zaposlenih pa se je pri\u010del boj za pre\u017eivetje, bodisi v obliki pred\u010dasne upokojitve bodisi z odhodom na borzo dela. TAM je bil dolga leta najbe\u010dja mariborska tovarna, saj je bil v njej zaposlen vsak 10. Maribor\u010dan. Ustanovitev \u0161tirinajstih MPP dru\u017eb, ki so prevzele programe in zaposlene biv\u0161e tovarne. Sredstev za nove nalo\u017ebe ni bilo, zato so dru\u017ebe takoj za\u010dele iskati strate\u0161ke partnerje. Celotno premo\u017eenje biv\u0161e tovarne, zemlji\u0161\u010da, objekte, opremo ter komunalno in energetsko infrastrukturo je nato od ste\u010dajnega upravitelja odkupil Konzorcij 22 podjetij, med njimi z najve\u010djo udele\u017ebo dr\u017eavni Slovenski razvojni sklad. Sklad je pozneje svoje dele\u017ee v celoti odprodal in izstopil iz podjetij.[\/et_pb_vertical_timeline_item][et_pb_vertical_timeline_item title=&#8220;2000&#8243; _builder_version=&#8220;4.0.9&#8243;]V za\u010detku leta 2000 je za\u017eivela Poslovno proizvodna cona Tezno. Ustanovljen je bil Zavod PPC Tezno, ki mu je bilo zaupano upravljanje skupne infrastrukture, povezovanje z mestno upravo in oskrba podjetij z energenti. Zavod je v nekaj letih prerasel v pobudnika nadaljnega razvoja cone.[\/et_pb_vertical_timeline_item][et_pb_vertical_timeline_item title=&#8220;2001&#8243; _builder_version=&#8220;4.0.9&#8243;]V teh letih se je v Coni Tezno razmahnila predvsem kovinskopredelovalna industrija, velikoserijska proizvodnja delov za avtomobilsko industrijo, orodjarstvo ter izdelava specifi\u010dnih proizvodnih sistemov. Okrog njih so se polagoma zbirali podizvajalci in komplementarne dejavnosti. Naglo se je povzpelo \u0161tevilo storitvenih dejavnosti, med njimi tudi take z velikim dele\u017eem znanja in visoko dodano vrednostjo. S prihodom novih podjetij se je za\u010dela spreminjati tudi zunanja podoba. Ob starih tovarni\u0161kih halah, ki jih je uporabljal Tam, so zrastle nove modelne zgradbe. V Coni Tezno pa je \u0161e vedno veliko prostora za nove izzive. Pribli\u017eno 43 ha gradbenih zemlji\u0161\u010d, ki jih je potrebno opremit s prometno in komunalno infrastrukturo in s tem narediti privla\u010dnej\u0161e za investitorje.[\/et_pb_vertical_timeline_item][\/et_pb_vertical_timeline][\/et_pb_column][\/et_pb_row][et_pb_row _builder_version=&#8220;4.0.9&#8243; background_color=&#8220;#1B999C&#8220;][et_pb_column type=&#8220;4_4&#8243; _builder_version=&#8220;3.26.3&#8243;][et_pb_image src=&#8220;http:\/\/www.conatezno.si\/wp-content\/uploads\/2019\/12\/piktogram-5.png&#8220; align=&#8220;center&#8220; _builder_version=&#8220;4.0.9&#8243; custom_margin=&#8220;||10px||false|false&#8220;][\/et_pb_image][et_pb_text _builder_version=&#8220;4.0.9&#8243; text_text_color=&#8220;#ffffff&#8220; text_font_size=&#8220;14px&#8220; text_line_height=&#8220;16px&#8220; header_3_text_color=&#8220;#ffffff&#8220; text_orientation=&#8220;center&#8220;]<\/p>\n<h3>City of Maribor<\/h3>\n<p>[\/et_pb_text][\/et_pb_column][\/et_pb_row][et_pb_row _builder_version=&#8220;4.0.9&#8243;][et_pb_column type=&#8220;4_4&#8243; _builder_version=&#8220;4.0.9&#8243;][et_pb_text _builder_version=&#8220;4.0.9&#8243; text_font=&#8220;|300|||||||&#8220; text_line_height=&#8220;24px&#8220; header_3_font=&#8220;|300|||||||&#8220; header_3_text_color=&#8220;#1b999c&#8220; header_3_font_size=&#8220;28px&#8220; text_orientation=&#8220;center&#8220; width=&#8220;80%&#8220; module_alignment=&#8220;center&#8220; custom_margin=&#8220;20px||80px||false|false&#8220; text_text_align=&#8220;center&#8220;]<\/p>\n<h3>City of Maribor<\/h3>\n<p> Maribor ist die zweitgr\u00f6\u00dfte slowenische Stadt und das Wirtschafts-, Finanz-, Verwaltungs-, Ausbildungs-, Kultur-, Handels- und Tourismuszentrum Nordostsloweniens.[\/et_pb_text][\/et_pb_column][\/et_pb_row][\/et_pb_section]<\/p>\n","protected":false},"excerpt":{"rendered":"<p>VorstellungErkennbar durch FortschrittlichkeitErkennbar durch Fortschrittlichkeit In der Gesch\u00e4fts-Produktionszone Tezno entstehen unter anderem \u00e4u\u00dferst anspruchsvolle Teile und Anlagen f\u00fcr die gr\u00f6\u00dften europ\u00e4ischen Automobilhersteller wie Citro\u00ebn, Peugeot, Ford, Magna Steyr, VW, Daimler- Mercedes Benz, Iveco und andere. Gleichzeitig ist unsere Zone Schauplatz der Gr\u00fcndung und des Entstehens mehr und mehr hoch sophistizierter, so genannter &#8218;hi-tec&#8216; Produkte und [&hellip;]<\/p>\n","protected":false},"author":1,"featured_media":0,"parent":0,"menu_order":0,"comment_status":"closed","ping_status":"closed","template":"","meta":{"_et_pb_use_builder":"on","_et_pb_old_content":"","_et_gb_content_width":"","footnotes":""},"class_list":["post-2450","page","type-page","status-publish","hentry"],"yoast_head":"<!-- This site is optimized with the Yoast SEO plugin v27.4 - https:\/\/yoast.com\/product\/yoast-seo-wordpress\/ -->\n<title>Vorstellung - Cona Tezno<\/title>\n<meta name=\"robots\" content=\"index, follow, max-snippet:-1, max-image-preview:large, max-video-preview:-1\" \/>\n<link rel=\"canonical\" href=\"https:\/\/www.conatezno.si\/de\/vorstellung\/\" \/>\n<meta property=\"og:locale\" content=\"de_DE\" \/>\n<meta property=\"og:type\" content=\"article\" \/>\n<meta property=\"og:title\" content=\"Vorstellung - Cona Tezno\" \/>\n<meta property=\"og:description\" content=\"VorstellungErkennbar durch FortschrittlichkeitErkennbar durch Fortschrittlichkeit In der Gesch\u00e4fts-Produktionszone Tezno entstehen unter anderem \u00e4u\u00dferst anspruchsvolle Teile und Anlagen f\u00fcr die gr\u00f6\u00dften europ\u00e4ischen Automobilhersteller wie Citro\u00ebn, Peugeot, Ford, Magna Steyr, VW, Daimler- Mercedes Benz, Iveco und andere. Gleichzeitig ist unsere Zone Schauplatz der Gr\u00fcndung und des Entstehens mehr und mehr hoch sophistizierter, so genannter &#039;hi-tec&#039; Produkte und [&hellip;]\" \/>\n<meta property=\"og:url\" content=\"https:\/\/www.conatezno.si\/de\/vorstellung\/\" \/>\n<meta property=\"og:site_name\" content=\"Cona Tezno\" \/>\n<meta name=\"twitter:card\" content=\"summary_large_image\" \/>\n<meta name=\"twitter:label1\" content=\"Gesch\u00e4tzte Lesezeit\" \/>\n\t<meta name=\"twitter:data1\" content=\"10\u00a0Minuten\" \/>\n<script type=\"application\/ld+json\" class=\"yoast-schema-graph\">{\"@context\":\"https:\\\/\\\/schema.org\",\"@graph\":[{\"@type\":\"WebPage\",\"@id\":\"https:\\\/\\\/www.conatezno.si\\\/de\\\/vorstellung\\\/\",\"url\":\"https:\\\/\\\/www.conatezno.si\\\/de\\\/vorstellung\\\/\",\"name\":\"Vorstellung - Cona Tezno\",\"isPartOf\":{\"@id\":\"https:\\\/\\\/www.conatezno.si\\\/de\\\/#website\"},\"datePublished\":\"2020-01-08T13:32:24+00:00\",\"breadcrumb\":{\"@id\":\"https:\\\/\\\/www.conatezno.si\\\/de\\\/vorstellung\\\/#breadcrumb\"},\"inLanguage\":\"de\",\"potentialAction\":[{\"@type\":\"ReadAction\",\"target\":[\"https:\\\/\\\/www.conatezno.si\\\/de\\\/vorstellung\\\/\"]}]},{\"@type\":\"BreadcrumbList\",\"@id\":\"https:\\\/\\\/www.conatezno.si\\\/de\\\/vorstellung\\\/#breadcrumb\",\"itemListElement\":[{\"@type\":\"ListItem\",\"position\":1,\"name\":\"Home\",\"item\":\"https:\\\/\\\/www.conatezno.si\\\/de\\\/\"},{\"@type\":\"ListItem\",\"position\":2,\"name\":\"Vorstellung\"}]},{\"@type\":\"WebSite\",\"@id\":\"https:\\\/\\\/www.conatezno.si\\\/de\\\/#website\",\"url\":\"https:\\\/\\\/www.conatezno.si\\\/de\\\/\",\"name\":\"Cona Tezno\",\"description\":\"\",\"potentialAction\":[{\"@type\":\"SearchAction\",\"target\":{\"@type\":\"EntryPoint\",\"urlTemplate\":\"https:\\\/\\\/www.conatezno.si\\\/de\\\/?s={search_term_string}\"},\"query-input\":{\"@type\":\"PropertyValueSpecification\",\"valueRequired\":true,\"valueName\":\"search_term_string\"}}],\"inLanguage\":\"de\"}]}<\/script>\n<!-- \/ Yoast SEO plugin. -->","yoast_head_json":{"title":"Vorstellung - Cona Tezno","robots":{"index":"index","follow":"follow","max-snippet":"max-snippet:-1","max-image-preview":"max-image-preview:large","max-video-preview":"max-video-preview:-1"},"canonical":"https:\/\/www.conatezno.si\/de\/vorstellung\/","og_locale":"de_DE","og_type":"article","og_title":"Vorstellung - Cona Tezno","og_description":"VorstellungErkennbar durch FortschrittlichkeitErkennbar durch Fortschrittlichkeit In der Gesch\u00e4fts-Produktionszone Tezno entstehen unter anderem \u00e4u\u00dferst anspruchsvolle Teile und Anlagen f\u00fcr die gr\u00f6\u00dften europ\u00e4ischen Automobilhersteller wie Citro\u00ebn, Peugeot, Ford, Magna Steyr, VW, Daimler- Mercedes Benz, Iveco und andere. Gleichzeitig ist unsere Zone Schauplatz der Gr\u00fcndung und des Entstehens mehr und mehr hoch sophistizierter, so genannter 'hi-tec' Produkte und [&hellip;]","og_url":"https:\/\/www.conatezno.si\/de\/vorstellung\/","og_site_name":"Cona Tezno","twitter_card":"summary_large_image","twitter_misc":{"Gesch\u00e4tzte Lesezeit":"10\u00a0Minuten"},"schema":{"@context":"https:\/\/schema.org","@graph":[{"@type":"WebPage","@id":"https:\/\/www.conatezno.si\/de\/vorstellung\/","url":"https:\/\/www.conatezno.si\/de\/vorstellung\/","name":"Vorstellung - Cona Tezno","isPartOf":{"@id":"https:\/\/www.conatezno.si\/de\/#website"},"datePublished":"2020-01-08T13:32:24+00:00","breadcrumb":{"@id":"https:\/\/www.conatezno.si\/de\/vorstellung\/#breadcrumb"},"inLanguage":"de","potentialAction":[{"@type":"ReadAction","target":["https:\/\/www.conatezno.si\/de\/vorstellung\/"]}]},{"@type":"BreadcrumbList","@id":"https:\/\/www.conatezno.si\/de\/vorstellung\/#breadcrumb","itemListElement":[{"@type":"ListItem","position":1,"name":"Home","item":"https:\/\/www.conatezno.si\/de\/"},{"@type":"ListItem","position":2,"name":"Vorstellung"}]},{"@type":"WebSite","@id":"https:\/\/www.conatezno.si\/de\/#website","url":"https:\/\/www.conatezno.si\/de\/","name":"Cona Tezno","description":"","potentialAction":[{"@type":"SearchAction","target":{"@type":"EntryPoint","urlTemplate":"https:\/\/www.conatezno.si\/de\/?s={search_term_string}"},"query-input":{"@type":"PropertyValueSpecification","valueRequired":true,"valueName":"search_term_string"}}],"inLanguage":"de"}]}},"_links":{"self":[{"href":"https:\/\/www.conatezno.si\/de\/wp-json\/wp\/v2\/pages\/2450","targetHints":{"allow":["GET"]}}],"collection":[{"href":"https:\/\/www.conatezno.si\/de\/wp-json\/wp\/v2\/pages"}],"about":[{"href":"https:\/\/www.conatezno.si\/de\/wp-json\/wp\/v2\/types\/page"}],"author":[{"embeddable":true,"href":"https:\/\/www.conatezno.si\/de\/wp-json\/wp\/v2\/users\/1"}],"replies":[{"embeddable":true,"href":"https:\/\/www.conatezno.si\/de\/wp-json\/wp\/v2\/comments?post=2450"}],"version-history":[{"count":1,"href":"https:\/\/www.conatezno.si\/de\/wp-json\/wp\/v2\/pages\/2450\/revisions"}],"predecessor-version":[{"id":2451,"href":"https:\/\/www.conatezno.si\/de\/wp-json\/wp\/v2\/pages\/2450\/revisions\/2451"}],"wp:attachment":[{"href":"https:\/\/www.conatezno.si\/de\/wp-json\/wp\/v2\/media?parent=2450"}],"curies":[{"name":"wp","href":"https:\/\/api.w.org\/{rel}","templated":true}]}}