{"id":2437,"date":"2020-01-08T13:23:29","date_gmt":"2020-01-08T13:23:29","guid":{"rendered":"http:\/\/www.conatezno.si\/gesellschaftliche-verantwortung\/"},"modified":"2020-01-08T13:23:29","modified_gmt":"2020-01-08T13:23:29","slug":"gesellschaftliche-verantwortung","status":"publish","type":"page","link":"https:\/\/www.conatezno.si\/de\/gesellschaftliche-verantwortung\/","title":{"rendered":"Gesellschaftliche Verantwortung"},"content":{"rendered":"<p>[et_pb_section fb_built=&#8220;1&#8243; _builder_version=&#8220;3.26.3&#8243;][et_pb_row _builder_version=&#8220;3.26.3&#8243; width=&#8220;70%&#8220;][et_pb_column type=&#8220;4_4&#8243; _builder_version=&#8220;3.26.3&#8243;][et_pb_text _builder_version=&#8220;3.26.3&#8243; header_font=&#8220;Libre Franklin|300|||||||&#8220; header_text_align=&#8220;center&#8220; header_font_size=&#8220;46px&#8220; header_line_height=&#8220;54px&#8220;]<\/p>\n<h1>Gesellschaftliche Verantwortung<\/h1>\n<p>[\/et_pb_text][et_pb_text _builder_version=&#8220;3.26.3&#8243; text_font=&#8220;||||||||&#8220; text_text_align=&#8220;center&#8220; text_line_height=&#8220;25px&#8220; width=&#8220;80%&#8220; module_alignment=&#8220;center&#8220; text_text_color=&#8220;#000000&#8243;]Im Amt Gesch\u00e4fts-Produktionszone Tezno sind wir bem\u00fcht, dass das Gebiet Zone Tezno, einschlie\u00dflich der integrierten Subjekte, im Geiste der gesellschaftlichen Verantwortung t\u00e4tig ist. In diesem Rahmen betonen wir einerseits das gegenseitige ethische Verh\u00e4ltnis zwischen den Unternehmen und anderen Subjekten, die ihren Sitz in der Zone Tezno haben oder hier gastieren und andererseits gegen\u00fcber den Kunden. Au\u00dferdem geh\u00f6rt hierzu auch das aufrichtige Verh\u00e4ltnis der Unternehmungsleitungen gegen\u00fcber ihren Angestellten und der Umwelt, in der sie t\u00e4tig sind.<\/p>\n<p>Wir sind der \u00dcberzeugung, dass der Geist der Aufrichtigkeit und Gemeinsamkeit ein notwendiger Bestandteil, wenn nicht sogar die Voraussetzung f\u00fcr einen langfristigen Gesch\u00e4ftserfolg ist, wobei der Mensch und sein positives Bild den zentralen Platz einnehmen. Deshalb arbeiten wir am Zavod PPC Tezno auch mit dem In\u0161titut za razvoj dru\u017ebene odgovornosti (Institut f\u00fcr Entwicklung gesellschaftlicher Verantwortung) (IRDO) mit Sitz in Maribor, der zentralen derartigen slowenischen Einrichtung, zusammen.<\/p>\n<p>Zavod PPC Tezno unterst\u00fctzt als F\u00f6rderer und Schirmherr die mit Jugendlichen verbundenen technischen Ausbildungsaktionen und beteiligt sich an unterst\u00fctzenden Aktivit\u00e4ten in den Bereichen Kulturerbe, Kultur und Sport.[\/et_pb_text][et_pb_image src=&#8220;http:\/\/www.conatezno.si\/wp-content\/uploads\/2019\/07\/MB-6853.jpg&#8220; align=&#8220;center&#8220; force_fullwidth=&#8220;on&#8220; _builder_version=&#8220;3.26.3&#8243;][\/et_pb_image][\/et_pb_column][\/et_pb_row][\/et_pb_section]<\/p>\n","protected":false},"excerpt":{"rendered":"<p>Gesellschaftliche VerantwortungIm Amt Gesch\u00e4fts-Produktionszone Tezno sind wir bem\u00fcht, dass das Gebiet Zone Tezno, einschlie\u00dflich der integrierten Subjekte, im Geiste der gesellschaftlichen Verantwortung t\u00e4tig ist. In diesem Rahmen betonen wir einerseits das gegenseitige ethische Verh\u00e4ltnis zwischen den Unternehmen und anderen Subjekten, die ihren Sitz in der Zone Tezno haben oder hier gastieren und andererseits gegen\u00fcber den [&hellip;]<\/p>\n","protected":false},"author":1,"featured_media":0,"parent":0,"menu_order":0,"comment_status":"closed","ping_status":"closed","template":"","meta":{"_et_pb_use_builder":"on","_et_pb_old_content":"","_et_gb_content_width":"","footnotes":""},"class_list":["post-2437","page","type-page","status-publish","hentry"],"yoast_head":"<!-- This site is optimized with the Yoast SEO plugin v27.4 - https:\/\/yoast.com\/product\/yoast-seo-wordpress\/ -->\n<title>Gesellschaftliche Verantwortung - Cona Tezno<\/title>\n<meta name=\"robots\" content=\"index, follow, max-snippet:-1, max-image-preview:large, max-video-preview:-1\" \/>\n<link rel=\"canonical\" href=\"https:\/\/www.conatezno.si\/de\/gesellschaftliche-verantwortung\/\" \/>\n<meta property=\"og:locale\" content=\"de_DE\" \/>\n<meta property=\"og:type\" content=\"article\" \/>\n<meta property=\"og:title\" content=\"Gesellschaftliche Verantwortung - Cona Tezno\" \/>\n<meta property=\"og:description\" content=\"Gesellschaftliche VerantwortungIm Amt Gesch\u00e4fts-Produktionszone Tezno sind wir bem\u00fcht, dass das Gebiet Zone Tezno, einschlie\u00dflich der integrierten Subjekte, im Geiste der gesellschaftlichen Verantwortung t\u00e4tig ist. In diesem Rahmen betonen wir einerseits das gegenseitige ethische Verh\u00e4ltnis zwischen den Unternehmen und anderen Subjekten, die ihren Sitz in der Zone Tezno haben oder hier gastieren und andererseits gegen\u00fcber den [&hellip;]\" \/>\n<meta property=\"og:url\" content=\"https:\/\/www.conatezno.si\/de\/gesellschaftliche-verantwortung\/\" \/>\n<meta property=\"og:site_name\" content=\"Cona Tezno\" \/>\n<meta name=\"twitter:card\" content=\"summary_large_image\" \/>\n<meta name=\"twitter:label1\" content=\"Gesch\u00e4tzte Lesezeit\" \/>\n\t<meta name=\"twitter:data1\" content=\"1\u00a0Minute\" \/>\n<script type=\"application\/ld+json\" class=\"yoast-schema-graph\">{\"@context\":\"https:\\\/\\\/schema.org\",\"@graph\":[{\"@type\":\"WebPage\",\"@id\":\"https:\\\/\\\/www.conatezno.si\\\/de\\\/gesellschaftliche-verantwortung\\\/\",\"url\":\"https:\\\/\\\/www.conatezno.si\\\/de\\\/gesellschaftliche-verantwortung\\\/\",\"name\":\"Gesellschaftliche Verantwortung - Cona Tezno\",\"isPartOf\":{\"@id\":\"https:\\\/\\\/www.conatezno.si\\\/de\\\/#website\"},\"datePublished\":\"2020-01-08T13:23:29+00:00\",\"breadcrumb\":{\"@id\":\"https:\\\/\\\/www.conatezno.si\\\/de\\\/gesellschaftliche-verantwortung\\\/#breadcrumb\"},\"inLanguage\":\"de\",\"potentialAction\":[{\"@type\":\"ReadAction\",\"target\":[\"https:\\\/\\\/www.conatezno.si\\\/de\\\/gesellschaftliche-verantwortung\\\/\"]}]},{\"@type\":\"BreadcrumbList\",\"@id\":\"https:\\\/\\\/www.conatezno.si\\\/de\\\/gesellschaftliche-verantwortung\\\/#breadcrumb\",\"itemListElement\":[{\"@type\":\"ListItem\",\"position\":1,\"name\":\"Home\",\"item\":\"https:\\\/\\\/www.conatezno.si\\\/de\\\/\"},{\"@type\":\"ListItem\",\"position\":2,\"name\":\"Gesellschaftliche Verantwortung\"}]},{\"@type\":\"WebSite\",\"@id\":\"https:\\\/\\\/www.conatezno.si\\\/de\\\/#website\",\"url\":\"https:\\\/\\\/www.conatezno.si\\\/de\\\/\",\"name\":\"Cona Tezno\",\"description\":\"\",\"potentialAction\":[{\"@type\":\"SearchAction\",\"target\":{\"@type\":\"EntryPoint\",\"urlTemplate\":\"https:\\\/\\\/www.conatezno.si\\\/de\\\/?s={search_term_string}\"},\"query-input\":{\"@type\":\"PropertyValueSpecification\",\"valueRequired\":true,\"valueName\":\"search_term_string\"}}],\"inLanguage\":\"de\"}]}<\/script>\n<!-- \/ Yoast SEO plugin. -->","yoast_head_json":{"title":"Gesellschaftliche Verantwortung - Cona Tezno","robots":{"index":"index","follow":"follow","max-snippet":"max-snippet:-1","max-image-preview":"max-image-preview:large","max-video-preview":"max-video-preview:-1"},"canonical":"https:\/\/www.conatezno.si\/de\/gesellschaftliche-verantwortung\/","og_locale":"de_DE","og_type":"article","og_title":"Gesellschaftliche Verantwortung - Cona Tezno","og_description":"Gesellschaftliche VerantwortungIm Amt Gesch\u00e4fts-Produktionszone Tezno sind wir bem\u00fcht, dass das Gebiet Zone Tezno, einschlie\u00dflich der integrierten Subjekte, im Geiste der gesellschaftlichen Verantwortung t\u00e4tig ist. In diesem Rahmen betonen wir einerseits das gegenseitige ethische Verh\u00e4ltnis zwischen den Unternehmen und anderen Subjekten, die ihren Sitz in der Zone Tezno haben oder hier gastieren und andererseits gegen\u00fcber den [&hellip;]","og_url":"https:\/\/www.conatezno.si\/de\/gesellschaftliche-verantwortung\/","og_site_name":"Cona Tezno","twitter_card":"summary_large_image","twitter_misc":{"Gesch\u00e4tzte Lesezeit":"1\u00a0Minute"},"schema":{"@context":"https:\/\/schema.org","@graph":[{"@type":"WebPage","@id":"https:\/\/www.conatezno.si\/de\/gesellschaftliche-verantwortung\/","url":"https:\/\/www.conatezno.si\/de\/gesellschaftliche-verantwortung\/","name":"Gesellschaftliche Verantwortung - Cona Tezno","isPartOf":{"@id":"https:\/\/www.conatezno.si\/de\/#website"},"datePublished":"2020-01-08T13:23:29+00:00","breadcrumb":{"@id":"https:\/\/www.conatezno.si\/de\/gesellschaftliche-verantwortung\/#breadcrumb"},"inLanguage":"de","potentialAction":[{"@type":"ReadAction","target":["https:\/\/www.conatezno.si\/de\/gesellschaftliche-verantwortung\/"]}]},{"@type":"BreadcrumbList","@id":"https:\/\/www.conatezno.si\/de\/gesellschaftliche-verantwortung\/#breadcrumb","itemListElement":[{"@type":"ListItem","position":1,"name":"Home","item":"https:\/\/www.conatezno.si\/de\/"},{"@type":"ListItem","position":2,"name":"Gesellschaftliche Verantwortung"}]},{"@type":"WebSite","@id":"https:\/\/www.conatezno.si\/de\/#website","url":"https:\/\/www.conatezno.si\/de\/","name":"Cona Tezno","description":"","potentialAction":[{"@type":"SearchAction","target":{"@type":"EntryPoint","urlTemplate":"https:\/\/www.conatezno.si\/de\/?s={search_term_string}"},"query-input":{"@type":"PropertyValueSpecification","valueRequired":true,"valueName":"search_term_string"}}],"inLanguage":"de"}]}},"_links":{"self":[{"href":"https:\/\/www.conatezno.si\/de\/wp-json\/wp\/v2\/pages\/2437","targetHints":{"allow":["GET"]}}],"collection":[{"href":"https:\/\/www.conatezno.si\/de\/wp-json\/wp\/v2\/pages"}],"about":[{"href":"https:\/\/www.conatezno.si\/de\/wp-json\/wp\/v2\/types\/page"}],"author":[{"embeddable":true,"href":"https:\/\/www.conatezno.si\/de\/wp-json\/wp\/v2\/users\/1"}],"replies":[{"embeddable":true,"href":"https:\/\/www.conatezno.si\/de\/wp-json\/wp\/v2\/comments?post=2437"}],"version-history":[{"count":1,"href":"https:\/\/www.conatezno.si\/de\/wp-json\/wp\/v2\/pages\/2437\/revisions"}],"predecessor-version":[{"id":2438,"href":"https:\/\/www.conatezno.si\/de\/wp-json\/wp\/v2\/pages\/2437\/revisions\/2438"}],"wp:attachment":[{"href":"https:\/\/www.conatezno.si\/de\/wp-json\/wp\/v2\/media?parent=2437"}],"curies":[{"name":"wp","href":"https:\/\/api.w.org\/{rel}","templated":true}]}}